{"id":124,"date":"2022-05-31T11:24:40","date_gmt":"2022-05-31T09:24:40","guid":{"rendered":"http:\/\/francknicolas.com\/methode\/?page_id=124"},"modified":"2025-11-06T12:29:00","modified_gmt":"2025-11-06T11:29:00","slug":"methodes","status":"publish","type":"page","link":"https:\/\/francknicolas.com\/methode\/","title":{"rendered":"Methodes"},"content":{"rendered":"\n<div class=\"wp-block-media-text alignwide is-stacked-on-mobile\"><figure class=\"wp-block-media-text__media\"><a href=\"https:\/\/francknicolas.com\/methode\/index.php\/conte-coquillage\/\"><img loading=\"lazy\" decoding=\"async\" width=\"1024\" height=\"768\" src=\"https:\/\/francknicolas.com\/methode\/wp-content\/uploads\/2025\/11\/CONTE-COQUILLAGE-copie-1024x768.jpg\" alt=\"\" class=\"wp-image-309 size-full\" srcset=\"https:\/\/francknicolas.com\/methode\/wp-content\/uploads\/2025\/11\/CONTE-COQUILLAGE-copie-1024x768.jpg 1024w, https:\/\/francknicolas.com\/methode\/wp-content\/uploads\/2025\/11\/CONTE-COQUILLAGE-copie-300x225.jpg 300w, https:\/\/francknicolas.com\/methode\/wp-content\/uploads\/2025\/11\/CONTE-COQUILLAGE-copie-768x576.jpg 768w, https:\/\/francknicolas.com\/methode\/wp-content\/uploads\/2025\/11\/CONTE-COQUILLAGE-copie-1536x1152.jpg 1536w, https:\/\/francknicolas.com\/methode\/wp-content\/uploads\/2025\/11\/CONTE-COQUILLAGE-copie-2048x1536.jpg 2048w\" sizes=\"auto, (max-width: 1024px) 100vw, 1024px\" \/><\/a><\/figure><div class=\"wp-block-media-text__content\">\n<p class=\"has-very-dark-gray-color has-text-color\"><strong>CONTE COQUILLAGE<\/strong><\/p>\n\n\n\n<p class=\"has-very-dark-gray-color has-text-color\"><br>C\u2019est l\u2019histoire d\u2019une vie ant\u00e9rieure qui est apparue comme un souvenir par le biais d\u2019un r\u00eave astral dans la t\u00eate d\u2019un entant de 8 ans\u2026 Pour ne pas passer pour fou, il a gard\u00e9 cette histoire secr\u00e8te durant des ann\u00e9es, mais une fois adulte, il a d\u00e9cid\u00e9 de partager son aventure v\u00e9cue dans un autre monde, sous la forme d\u2019un conte musical pour petits et grands\u2026<\/p>\n<\/div><\/div>\n\n\n\n<div style=\"height:100px\" aria-hidden=\"true\" class=\"wp-block-spacer\"><\/div>\n\n\n\n<div class=\"wp-block-media-text alignwide is-stacked-on-mobile\"><figure class=\"wp-block-media-text__media\"><img loading=\"lazy\" decoding=\"async\" width=\"300\" height=\"211\" src=\"https:\/\/francknicolas.com\/methode\/wp-content\/uploads\/2019\/11\/Couverture-300x211.jpg\" alt=\"\" class=\"wp-image-9 size-full\" srcset=\"https:\/\/francknicolas.com\/methode\/wp-content\/uploads\/2019\/11\/Couverture-300x211.jpg 300w, https:\/\/francknicolas.com\/methode\/wp-content\/uploads\/2019\/11\/Couverture-768x541.jpg 768w, https:\/\/francknicolas.com\/methode\/wp-content\/uploads\/2019\/11\/Couverture-1024x722.jpg 1024w\" sizes=\"auto, (max-width: 300px) 100vw, 300px\" \/><\/figure><div class=\"wp-block-media-text__content\">\n<p class=\"has-very-dark-gray-color has-text-color\"><strong>LA CLINIQUE DU TROMPETTISTE<br><\/strong><br>La \u00ab&nbsp;Clinique du trompettiste&nbsp;\u00bb est accompagn\u00e9e de 14 vid\u00e9os ludiques et explicatives \u00e0 visionner grace au code inclu dans la m\u00e9thode.<br><strong>M\u00e9thode format standard 84 pages = 20 \u20ac : commandez&nbsp;<\/strong><a href=\"mailto:contact@francknicolas.com?subject=Commande de la M\u00e9thode la Clinique du Trompettiste&amp;body=Bonjour, Je souhaiterais commander la M\u00e9thode standard \u00e0 20\u20ac\"><strong>ici<\/strong><\/a><br><strong>M\u00e9thode format de poche 84 pages = 15 \u20ac&nbsp;: commandez&nbsp;<\/strong><a href=\"mailto:contact@francknicolas.com?subject=Commande de la M\u00e9thode la Clinique du Trompettiste&amp;body=Bonjour, Je souhaiterais commander la M\u00e9thode de poche \u00e0 15\u20ac\"><strong>ici<\/strong><\/a><strong><br>M\u00e9thode standard + M\u00e9thode de poche = 26 \u20ac : commandez&nbsp;<\/strong><a href=\"mailto:contact@francknicolas.com?subject=Commande de la M\u00e9thode la Clinique du Trompettiste&amp;body=Bonjour, Je souhaiterais commander la M\u00e9thode standard et de poche \u00e0 26\u20ac\"><strong>ici<\/strong><\/a><\/p>\n<\/div><\/div>\n\n\n\n<div style=\"height:100px\" aria-hidden=\"true\" class=\"wp-block-spacer\"><\/div>\n\n\n\n<div class=\"wp-block-media-text alignwide is-stacked-on-mobile\"><figure class=\"wp-block-media-text__media\"><img loading=\"lazy\" decoding=\"async\" width=\"300\" height=\"203\" src=\"https:\/\/francknicolas.com\/methode\/wp-content\/uploads\/2022\/05\/Couv-coquillage-methode-300x203.jpg\" alt=\"\" class=\"wp-image-121 size-full\" srcset=\"https:\/\/francknicolas.com\/methode\/wp-content\/uploads\/2022\/05\/Couv-coquillage-methode-300x203.jpg 300w, https:\/\/francknicolas.com\/methode\/wp-content\/uploads\/2022\/05\/Couv-coquillage-methode-768x519.jpg 768w, https:\/\/francknicolas.com\/methode\/wp-content\/uploads\/2022\/05\/Couv-coquillage-methode-1024x693.jpg 1024w\" sizes=\"auto, (max-width: 300px) 100vw, 300px\" \/><\/figure><div class=\"wp-block-media-text__content\">\n<h4 class=\"wp-block-heading\"><strong>La M\u00e9thode Coquillage<\/strong><strong><br><\/strong><\/h4>\n\n\n\n<p class=\"has-text-color has-very-dark-gray-color\">La \u00ab&nbsp;M\u00e9thode Coquillage&nbsp;\u00bb est accompagn\u00e9e <br>de 20 vid\u00e9os ludiques et explicatives \u00e0 visionner <br>gr\u00e2ce au code inclu dans la m\u00e9thode.<br><strong>M\u00e9thode 92 pages = 40 \u20ac : commandez&nbsp;<a href=\"mailto:contact@francknicolas.com?subject=Commande de la M\u00e9thode Coquillage&amp;body=Bonjour, Je souhaiterais commander la M\u00e9thode Coquillage \u00e0 40\u20ac\">ici<\/a><\/strong><\/p>\n\n\n\n<p>Acc\u00e9dez aux vid\u00e9o <a href=\"https:\/\/francknicolas.com\/methode\/index.php\/la-methode-coquillage\/\">ici<\/a><\/p>\n\n\n\n<div><strong><a href=\"mailto:contact@francknicolas.com?subject=Commande de la M\u00e9thode Coquillage&amp;body=Bonjour, Je souhaiterais commander la M\u00e9thode Coquillage \u00e0 40\u20ac\"><\/a><\/strong><\/div>\n<\/div><\/div>\n\n\n\n<p class=\"has-text-align-center has-very-dark-gray-color has-text-color\"><br><\/p>\n","protected":false},"excerpt":{"rendered":"<p>CONTE COQUILLAGE C\u2019est l\u2019histoire d\u2019une vie ant\u00e9rieure qui est apparue comme un souvenir par le biais d\u2019un r\u00eave astral dans la t\u00eate d\u2019un entant de 8 ans\u2026 Pour ne pas passer pour fou, il a gard\u00e9 cette histoire secr\u00e8te durant des ann\u00e9es, mais une fois adulte, il a d\u00e9cid\u00e9 de partager son aventure v\u00e9cue dans [&hellip;]<\/p>\n","protected":false},"author":1,"featured_media":0,"parent":0,"menu_order":0,"comment_status":"closed","ping_status":"closed","template":"","meta":{"footnotes":""},"class_list":["post-124","page","type-page","status-publish","hentry"],"_links":{"self":[{"href":"https:\/\/francknicolas.com\/methode\/index.php\/wp-json\/wp\/v2\/pages\/124","targetHints":{"allow":["GET"]}}],"collection":[{"href":"https:\/\/francknicolas.com\/methode\/index.php\/wp-json\/wp\/v2\/pages"}],"about":[{"href":"https:\/\/francknicolas.com\/methode\/index.php\/wp-json\/wp\/v2\/types\/page"}],"author":[{"embeddable":true,"href":"https:\/\/francknicolas.com\/methode\/index.php\/wp-json\/wp\/v2\/users\/1"}],"replies":[{"embeddable":true,"href":"https:\/\/francknicolas.com\/methode\/index.php\/wp-json\/wp\/v2\/comments?post=124"}],"version-history":[{"count":19,"href":"https:\/\/francknicolas.com\/methode\/index.php\/wp-json\/wp\/v2\/pages\/124\/revisions"}],"predecessor-version":[{"id":314,"href":"https:\/\/francknicolas.com\/methode\/index.php\/wp-json\/wp\/v2\/pages\/124\/revisions\/314"}],"wp:attachment":[{"href":"https:\/\/francknicolas.com\/methode\/index.php\/wp-json\/wp\/v2\/media?parent=124"}],"curies":[{"name":"wp","href":"https:\/\/api.w.org\/{rel}","templated":true}]}}